{"id":175,"date":"2026-01-16T20:20:24","date_gmt":"2026-01-16T17:20:24","guid":{"rendered":"https:\/\/seffafyapi.com\/?page_id=175"},"modified":"2026-01-16T20:35:19","modified_gmt":"2026-01-16T17:35:19","slug":"hakkimizda","status":"publish","type":"page","link":"https:\/\/seffafyapi.com\/index.php\/hakkimizda\/","title":{"rendered":"Hakk\u0131m\u0131zda"},"content":{"rendered":"<p>[et_pb_section fb_built=&#8221;1&#8243; admin_label=&#8221;Header&#8221; _builder_version=&#8221;4.27.5&#8243; _module_preset=&#8221;default&#8221; background_color=&#8221;#0f172a&#8221; background_color_gradient_direction=&#8221;40deg&#8221; background_color_gradient_start=&#8221;rgba(111,37,204,0.9)&#8221; background_color_gradient_end=&#8221;rgba(91,0,204,0)&#8221; background_image=&#8221;https:\/\/seffafyapi.com\/wp-content\/uploads\/2026\/01\/nursing-home_54-1.png&#8221; background_size=&#8221;contain&#8221; background_position=&#8221;bottom_right&#8221; locked=&#8221;off&#8221; global_colors_info=&#8221;{}&#8221;][et_pb_row column_structure=&#8221;1_2,1_2&#8243; _builder_version=&#8221;4.16&#8243; _module_preset=&#8221;default&#8221; global_colors_info=&#8221;{}&#8221;][et_pb_column type=&#8221;1_2&#8243; _builder_version=&#8221;4.16&#8243; _module_preset=&#8221;default&#8221; custom_padding=&#8221;80px||||false|false&#8221; custom_padding_tablet=&#8221;0px||||false|false&#8221; custom_padding_phone=&#8221;0px||||false|false&#8221; custom_padding_last_edited=&#8221;on|tablet&#8221; global_colors_info=&#8221;{}&#8221;][et_pb_text _builder_version=&#8221;4.27.5&#8243; _module_preset=&#8221;e598b17a-9229-42f6-b238-019d6094332e&#8221; header_font=&#8221;&#8211;et_global_heading_font|700|||||||&#8221; header_text_align=&#8221;left&#8221; header_text_color=&#8221;#FFFFFF&#8221; header_font_size=&#8221;80px&#8221; header_line_height=&#8221;1.1em&#8221; header_font_size_tablet=&#8221;40px&#8221; header_font_size_phone=&#8221;24px&#8221; header_font_size_last_edited=&#8221;on|desktop&#8221; locked=&#8221;off&#8221; global_colors_info=&#8221;{}&#8221;]<\/p>\n<h1>Hakk\u0131m\u0131zda<\/h1>\n<p>[\/et_pb_text][\/et_pb_column][et_pb_column type=&#8221;1_2&#8243; _builder_version=&#8221;4.16&#8243; _module_preset=&#8221;default&#8221; global_colors_info=&#8221;{}&#8221;][et_pb_image src=&#8221;https:\/\/seffafyapi.com\/wp-content\/uploads\/2026\/01\/ChatGPT-Image-15-Oca-2026-19_36_27.png&#8221; title_text=&#8221;K\u0131\u015f Bah\u00e7esi&#8221; align=&#8221;right&#8221; align_tablet=&#8221;left&#8221; align_phone=&#8221;left&#8221; align_last_edited=&#8221;off|desktop&#8221; _builder_version=&#8221;4.27.5&#8243; _module_preset=&#8221;default&#8221; width=&#8221;30%&#8221; custom_margin=&#8221;||||false|false&#8221; border_radii=&#8221;on|30px|30px|30px|30px&#8221; global_colors_info=&#8221;{}&#8221;][\/et_pb_image][et_pb_image src=&#8221;https:\/\/seffafyapi.com\/wp-content\/uploads\/2026\/01\/ChatGPT-Image-15-Oca-2026-19_36_31.png&#8221; title_text=&#8221;Cam Balkon Sistemleri&#8221; _builder_version=&#8221;4.27.5&#8243; _module_preset=&#8221;default&#8221; vertical_offset=&#8221;100px&#8221; vertical_offset_last_edited=&#8221;off|desktop&#8221; position_origin_a_last_edited=&#8221;off|desktop&#8221; position_origin_f_last_edited=&#8221;off|desktop&#8221; position_origin_r_last_edited=&#8221;off|desktop&#8221; width=&#8221;60%&#8221; custom_margin=&#8221;-20%||-20%||false|false&#8221; custom_margin_tablet=&#8221;||0%||false|false&#8221; custom_margin_phone=&#8221;||0%||false|false&#8221; custom_margin_last_edited=&#8221;on|phone&#8221; positioning_tablet=&#8221;none&#8221; positioning_phone=&#8221;none&#8221; positioning_last_edited=&#8221;off|desktop&#8221; border_radii=&#8221;on|30px|30px|30px|30px&#8221; global_colors_info=&#8221;{}&#8221;][\/et_pb_image][\/et_pb_column][\/et_pb_row][\/et_pb_section][et_pb_section fb_built=&#8221;1&#8243; custom_padding_last_edited=&#8221;on|phone&#8221; admin_label=&#8221;About&#8221; _builder_version=&#8221;4.16&#8243; _module_preset=&#8221;default&#8221; custom_padding=&#8221;100px|||||&#8221; custom_padding_tablet=&#8221;0px||||false|false&#8221; custom_padding_phone=&#8221;0px||||false|false&#8221; global_colors_info=&#8221;{}&#8221;][et_pb_row column_structure=&#8221;2_3,1_3&#8243; _builder_version=&#8221;4.16&#8243; _module_preset=&#8221;default&#8221; custom_padding=&#8221;0px||||false|false&#8221; global_colors_info=&#8221;{}&#8221;][et_pb_column type=&#8221;2_3&#8243; _builder_version=&#8221;4.16&#8243; _module_preset=&#8221;default&#8221; global_colors_info=&#8221;{}&#8221;][et_pb_text _builder_version=&#8221;4.27.5&#8243; _module_preset=&#8221;22d0da71-6393-430b-a0cd-b77dd565e85c&#8221; text_font_size=&#8221;16px&#8221; text_line_height=&#8221;1.8em&#8221; text_font_size_tablet=&#8221;15px&#8221; text_font_size_phone=&#8221;14px&#8221; text_font_size_last_edited=&#8221;on|phone&#8221; header_font_size_tablet=&#8221;55px&#8221; header_font_size_last_edited=&#8221;off|desktop&#8221; locked=&#8221;off&#8221; global_colors_info=&#8221;{}&#8221;]<\/p>\n<p data-start=\"233\" data-end=\"509\">\u015eeffaf Yap\u0131, cam balkon ve mimari cam sistemleri alan\u0131nda modern, estetik ve dayan\u0131kl\u0131 \u00e7\u00f6z\u00fcmler sunmak amac\u0131yla kurulmu\u015ftur. Yenilik\u00e7i bak\u0131\u015f a\u00e7\u0131m\u0131z ve kalite odakl\u0131 hizmet anlay\u0131\u015f\u0131m\u0131zla, ya\u015fam ve \u00e7al\u0131\u015fma alanlar\u0131n\u0131 daha konforlu, ferah ve i\u015flevsel hale getirmeyi hedefliyoruz.<\/p>\n<p data-start=\"511\" data-end=\"766\">Mek\u00e2na \u00f6zel tasarlanan cam balkon sistemleri, katlan\u0131r ve s\u00fcrg\u00fcl\u00fc cam \u00e7\u00f6z\u00fcmleri, mimari cam uygulamalar\u0131 ile her projeye \u00f6zg\u00fcn yakla\u015f\u0131mlar sunuyoruz. Estetik tasar\u0131m ile sa\u011flam m\u00fchendisli\u011fi bir araya getirerek, uzun \u00f6m\u00fcrl\u00fc ve g\u00fcvenli sistemler \u00fcretiyoruz.<\/p>\n<p data-start=\"768\" data-end=\"1096\">Kaliteli malzeme kullan\u0131m\u0131, profesyonel montaj ekibi ve titiz i\u015f\u00e7ilik anlay\u0131\u015f\u0131m\u0131z sayesinde hem konut hem de ticari alanlarda g\u00fcvenilir \u00e7\u00f6z\u00fcmler sunuyoruz. Ke\u015fif a\u015famas\u0131ndan projelendirme ve montaja kadar t\u00fcm s\u00fcre\u00e7lerde m\u00fc\u015fterilerimizin beklentilerini \u00f6n planda tutuyor; h\u0131zl\u0131, temiz ve garantili hizmet anlay\u0131\u015f\u0131yla \u00e7al\u0131\u015f\u0131yoruz.<\/p>\n<p data-start=\"1098\" data-end=\"1265\">\u015eeffaf Yap\u0131 olarak amac\u0131m\u0131z yaln\u0131zca cam sistemleri \u00fcretmek de\u011fil, bulundu\u011fu mek\u00e2na de\u011fer katan, kullan\u0131c\u0131ya konfor ve estetik kazand\u0131ran ya\u015fam alanlar\u0131 olu\u015fturmakt\u0131r.<\/p>\n<p>[\/et_pb_text][\/et_pb_column][et_pb_column type=&#8221;1_3&#8243; _builder_version=&#8221;4.16&#8243; _module_preset=&#8221;default&#8221; global_colors_info=&#8221;{}&#8221;][et_pb_video src=&#8221;https:\/\/www.youtube.com\/watch?v=FkQuawiGWUw&#8221; image_src=&#8221;https:\/\/seffafyapi.com\/wp-content\/uploads\/2026\/01\/nursing-home_32.jpeg&#8221; _builder_version=&#8221;4.16&#8243; _module_preset=&#8221;default&#8221; border_radii=&#8221;on|10px|10px|10px|10px&#8221; global_colors_info=&#8221;{}&#8221;][\/et_pb_video][\/et_pb_column][\/et_pb_row][et_pb_row column_structure=&#8221;1_2,1_2&#8243; _builder_version=&#8221;4.16&#8243; _module_preset=&#8221;default&#8221; custom_padding=&#8221;0px||||false|false&#8221; global_colors_info=&#8221;{}&#8221;][et_pb_column type=&#8221;1_2&#8243; _builder_version=&#8221;4.16&#8243; _module_preset=&#8221;default&#8221; global_colors_info=&#8221;{}&#8221;][et_pb_heading title=&#8221;Vizyonumuz&#8221; _builder_version=&#8221;4.27.5&#8243; _module_preset=&#8221;default&#8221; title_text_align=&#8221;center&#8221; custom_margin=&#8221;||20px|||&#8221; global_colors_info=&#8221;{}&#8221;][\/et_pb_heading][et_pb_text _builder_version=&#8221;4.27.5&#8243; _module_preset=&#8221;22d0da71-6393-430b-a0cd-b77dd565e85c&#8221; text_font_size=&#8221;16px&#8221; text_line_height=&#8221;1.8em&#8221; text_font_size_tablet=&#8221;15px&#8221; text_font_size_phone=&#8221;14px&#8221; text_font_size_last_edited=&#8221;on|phone&#8221; header_font_size_tablet=&#8221;55px&#8221; header_font_size_last_edited=&#8221;off|desktop&#8221; locked=&#8221;off&#8221; global_colors_info=&#8221;{}&#8221;]<\/p>\n<p>Cam balkon ve mimari cam sistemleri alan\u0131nda yenilik\u00e7i, g\u00fcvenilir ve \u00f6nc\u00fc bir marka olmak; kalite, estetik ve m\u00fc\u015fteri memnuniyetini bir arada sunarak sekt\u00f6rde fark yaratan projelere imza atmak.<\/p>\n<p>[\/et_pb_text][\/et_pb_column][et_pb_column type=&#8221;1_2&#8243; _builder_version=&#8221;4.16&#8243; _module_preset=&#8221;default&#8221; global_colors_info=&#8221;{}&#8221;][et_pb_heading title=&#8221;Misyonumuz&#8221; _builder_version=&#8221;4.27.5&#8243; _module_preset=&#8221;default&#8221; title_font=&#8221;&#8211;et_global_heading_font||||||||&#8221; title_text_align=&#8221;center&#8221; custom_margin=&#8221;||18px|||&#8221; global_colors_info=&#8221;{}&#8221;][\/et_pb_heading][et_pb_text _builder_version=&#8221;4.27.5&#8243; _module_preset=&#8221;22d0da71-6393-430b-a0cd-b77dd565e85c&#8221; text_font_size=&#8221;16px&#8221; text_line_height=&#8221;1.8em&#8221; custom_margin=&#8221;17px|||||&#8221; text_font_size_tablet=&#8221;15px&#8221; text_font_size_phone=&#8221;14px&#8221; text_font_size_last_edited=&#8221;on|phone&#8221; header_font_size_tablet=&#8221;55px&#8221; header_font_size_last_edited=&#8221;off|desktop&#8221; locked=&#8221;off&#8221; global_colors_info=&#8221;{}&#8221;]<\/p>\n<p data-start=\"1502\" data-end=\"1829\">M\u00fc\u015fterilerimizin ihtiya\u00e7 ve beklentilerine uygun, modern ve dayan\u0131kl\u0131 cam sistemleri sunmak; kaliteli malzeme, uzman kadro ve profesyonel hizmet anlay\u0131\u015f\u0131yla ya\u015fam alanlar\u0131n\u0131 daha konforlu ve kullan\u0131\u015fl\u0131 hale getirmek.<br data-start=\"1718\" data-end=\"1721\" \/>Her projede g\u00fcven, \u015feffafl\u0131k ve s\u00fcrd\u00fcr\u00fclebilir kaliteyi temel ilke edinerek uzun vadeli memnuniyet sa\u011flamak.<\/p>\n<p>[\/et_pb_text][\/et_pb_column][\/et_pb_row][\/et_pb_section]<\/p>\n","protected":false},"excerpt":{"rendered":"<p>Hakk\u0131m\u0131zda\u015eeffaf Yap\u0131, cam balkon ve mimari cam sistemleri alan\u0131nda modern, estetik ve dayan\u0131kl\u0131 \u00e7\u00f6z\u00fcmler sunmak amac\u0131yla kurulmu\u015ftur. Yenilik\u00e7i bak\u0131\u015f a\u00e7\u0131m\u0131z ve kalite odakl\u0131 hizmet anlay\u0131\u015f\u0131m\u0131zla, ya\u015fam ve \u00e7al\u0131\u015fma alanlar\u0131n\u0131 daha konforlu, ferah ve i\u015flevsel hale getirmeyi hedefliyoruz. Mek\u00e2na \u00f6zel tasarlanan cam balkon sistemleri, katlan\u0131r ve s\u00fcrg\u00fcl\u00fc cam \u00e7\u00f6z\u00fcmleri, mimari cam uygulamalar\u0131 ile her projeye \u00f6zg\u00fcn [&hellip;]<\/p>\n","protected":false},"author":1,"featured_media":0,"parent":0,"menu_order":0,"comment_status":"closed","ping_status":"closed","template":"","meta":{"_et_pb_use_builder":"on","_et_pb_old_content":"<!-- wp:divi\/placeholder \/-->","_et_gb_content_width":"","footnotes":""},"class_list":["post-175","page","type-page","status-publish","hentry"],"_links":{"self":[{"href":"https:\/\/seffafyapi.com\/index.php\/wp-json\/wp\/v2\/pages\/175","targetHints":{"allow":["GET"]}}],"collection":[{"href":"https:\/\/seffafyapi.com\/index.php\/wp-json\/wp\/v2\/pages"}],"about":[{"href":"https:\/\/seffafyapi.com\/index.php\/wp-json\/wp\/v2\/types\/page"}],"author":[{"embeddable":true,"href":"https:\/\/seffafyapi.com\/index.php\/wp-json\/wp\/v2\/users\/1"}],"replies":[{"embeddable":true,"href":"https:\/\/seffafyapi.com\/index.php\/wp-json\/wp\/v2\/comments?post=175"}],"version-history":[{"count":11,"href":"https:\/\/seffafyapi.com\/index.php\/wp-json\/wp\/v2\/pages\/175\/revisions"}],"predecessor-version":[{"id":194,"href":"https:\/\/seffafyapi.com\/index.php\/wp-json\/wp\/v2\/pages\/175\/revisions\/194"}],"wp:attachment":[{"href":"https:\/\/seffafyapi.com\/index.php\/wp-json\/wp\/v2\/media?parent=175"}],"curies":[{"name":"wp","href":"https:\/\/api.w.org\/{rel}","templated":true}]}}